{"id":133,"date":"2023-02-01T12:13:29","date_gmt":"2023-02-01T11:13:29","guid":{"rendered":"http:\/\/webfactory-odealim.fr\/?page_id=133"},"modified":"2023-02-01T17:23:45","modified_gmt":"2023-02-01T16:23:45","slug":"qui-sommes-nous","status":"publish","type":"page","link":"https:\/\/jbl-courtage.fr\/index.php\/qui-sommes-nous\/","title":{"rendered":"Qui sommes nous ?"},"content":{"rendered":"<p>[et_pb_section fb_built=\u00a0\u00bb1&Prime; _builder_version=\u00a0\u00bb4.19.5&Prime; _module_preset=\u00a0\u00bbdefault\u00a0\u00bb global_colors_info=\u00a0\u00bb{}\u00a0\u00bb][et_pb_row _builder_version=\u00a0\u00bb4.19.5&Prime; _module_preset=\u00a0\u00bbdefault\u00a0\u00bb global_colors_info=\u00a0\u00bb{}\u00a0\u00bb][et_pb_column type=\u00a0\u00bb4_4&Prime; _builder_version=\u00a0\u00bb4.19.5&Prime; _module_preset=\u00a0\u00bbdefault\u00a0\u00bb global_colors_info=\u00a0\u00bb{}\u00a0\u00bb][et_pb_text _builder_version=\u00a0\u00bb4.19.5&Prime; _module_preset=\u00a0\u00bbdefault\u00a0\u00bb header_font=\u00a0\u00bb||||on||||\u00a0\u00bb header_2_font=\u00a0\u00bb||||on|||#173557|\u00a0\u00bb header_2_text_align=\u00a0\u00bbleft\u00a0\u00bb header_2_text_color=\u00a0\u00bb#173557&Prime; header_2_font_size=\u00a0\u00bb32px\u00a0\u00bb hover_enabled=\u00a0\u00bb0&Prime; global_colors_info=\u00a0\u00bb{}\u00a0\u00bb sticky_enabled=\u00a0\u00bb0&Prime;]<\/p>\n<h2>NOS VALEURS<\/h2>\n<p>[\/et_pb_text][et_pb_text _builder_version=\u00a0\u00bb4.19.5&Prime; _module_preset=\u00a0\u00bbdefault\u00a0\u00bb text_text_color=\u00a0\u00bb#173557&Prime; header_2_font=\u00a0\u00bbPoppins||||||||\u00a0\u00bb header_2_text_align=\u00a0\u00bbcenter\u00a0\u00bb header_3_text_align=\u00a0\u00bbleft\u00a0\u00bb header_3_text_color=\u00a0\u00bb#173557&Prime; hover_enabled=\u00a0\u00bb0&Prime; global_colors_info=\u00a0\u00bb{}\u00a0\u00bb sticky_enabled=\u00a0\u00bb0&Prime;]<\/p>\n<h3>Travaillons s\u00e9rieusement sans se prendre au s\u00e9rieux !<\/h3>\n<p>[\/et_pb_text][et_pb_text _builder_version=\u00a0\u00bb4.19.5&Prime; _module_preset=\u00a0\u00bbdefault\u00a0\u00bb global_colors_info=\u00a0\u00bb{}\u00a0\u00bb]JBL Courtage est un courtier de proximit\u00e9, sp\u00e9cialiste des produits d\u2019assurance destin\u00e9s aux professionnels de l\u2019administration de biens, aux promoteurs et aux syndics.[\/et_pb_text][\/et_pb_column][\/et_pb_row][et_pb_row _builder_version=\u00a0\u00bb4.19.5&Prime; _module_preset=\u00a0\u00bbdefault\u00a0\u00bb column_structure=\u00a0\u00bb1_4,3_4&Prime;][et_pb_column _builder_version=\u00a0\u00bb4.19.5&Prime; _module_preset=\u00a0\u00bbdefault\u00a0\u00bb type=\u00a0\u00bb1_4&Prime;][et_pb_text _builder_version=\u00a0\u00bb4.19.5&Prime; _module_preset=\u00a0\u00bbdefault\u00a0\u00bb text_text_color=\u00a0\u00bb#173557&Prime; header_2_font=\u00a0\u00bbPoppins||||||||\u00a0\u00bb header_2_text_align=\u00a0\u00bbcenter\u00a0\u00bb header_3_text_align=\u00a0\u00bbleft\u00a0\u00bb header_3_text_color=\u00a0\u00bb#173557&Prime; global_colors_info=\u00a0\u00bb{}\u00a0\u00bb]<\/p>\n<h3>Expertise<\/h3>\n<p>[\/et_pb_text][\/et_pb_column][et_pb_column _builder_version=\u00a0\u00bb4.19.5&Prime; _module_preset=\u00a0\u00bbdefault\u00a0\u00bb type=\u00a0\u00bb3_4&Prime;][et_pb_text _builder_version=\u00a0\u00bb4.19.5&Prime; _module_preset=\u00a0\u00bbdefault\u00a0\u00bb global_colors_info=\u00a0\u00bb{}\u00a0\u00bb]<\/p>\n<p>Notre \u00e9quipe, compos\u00e9e de sp\u00e9cialistes experts dans leurs domaines, est en permanence en relation avec vos \u00e9quipes (location, gestion, comptable, juridique, syndic\u2026). Parler le m\u00eame langage que nos clients fait partie de l\u2019ADN de JBL Courtage..<\/p>\n<p>[\/et_pb_text][\/et_pb_column][\/et_pb_row][et_pb_row _builder_version=\u00a0\u00bb4.19.5&Prime; _module_preset=\u00a0\u00bbdefault\u00a0\u00bb column_structure=\u00a0\u00bb1_4,3_4&Prime;][et_pb_column _builder_version=\u00a0\u00bb4.19.5&Prime; _module_preset=\u00a0\u00bbdefault\u00a0\u00bb type=\u00a0\u00bb1_4&Prime;][et_pb_text _builder_version=\u00a0\u00bb4.19.5&Prime; _module_preset=\u00a0\u00bbdefault\u00a0\u00bb text_text_color=\u00a0\u00bb#173557&Prime; header_2_font=\u00a0\u00bbPoppins||||||||\u00a0\u00bb header_2_text_align=\u00a0\u00bbcenter\u00a0\u00bb header_3_text_align=\u00a0\u00bbleft\u00a0\u00bb header_3_text_color=\u00a0\u00bb#173557&Prime; global_colors_info=\u00a0\u00bb{}\u00a0\u00bb]<\/p>\n<h3>Innovation<\/h3>\n<p>[\/et_pb_text][\/et_pb_column][et_pb_column _builder_version=\u00a0\u00bb4.19.5&Prime; _module_preset=\u00a0\u00bbdefault\u00a0\u00bb type=\u00a0\u00bb3_4&Prime;][et_pb_text _builder_version=\u00a0\u00bb4.19.5&Prime; _module_preset=\u00a0\u00bbdefault\u00a0\u00bb global_colors_info=\u00a0\u00bb{}\u00a0\u00bb]<\/p>\n<p><span>Nous disposons d\u2019une \u00e9quipe de web d\u00e9veloppeurs, et travaillons main dans la main avec nos clients pour cr\u00e9er les outils et les produits de demain.<\/span><\/p>\n<p>[\/et_pb_text][\/et_pb_column][\/et_pb_row][et_pb_row _builder_version=\u00a0\u00bb4.19.5&Prime; _module_preset=\u00a0\u00bbdefault\u00a0\u00bb column_structure=\u00a0\u00bb1_4,3_4&Prime;][et_pb_column _builder_version=\u00a0\u00bb4.19.5&Prime; _module_preset=\u00a0\u00bbdefault\u00a0\u00bb type=\u00a0\u00bb1_4&Prime;][et_pb_text _builder_version=\u00a0\u00bb4.19.5&Prime; _module_preset=\u00a0\u00bbdefault\u00a0\u00bb text_text_color=\u00a0\u00bb#173557&Prime; header_2_font=\u00a0\u00bbPoppins||||||||\u00a0\u00bb header_2_text_align=\u00a0\u00bbcenter\u00a0\u00bb header_3_text_align=\u00a0\u00bbleft\u00a0\u00bb header_3_text_color=\u00a0\u00bb#173557&Prime; global_colors_info=\u00a0\u00bb{}\u00a0\u00bb]<\/p>\n<h3>Proximit\u00e9<\/h3>\n<p>[\/et_pb_text][\/et_pb_column][et_pb_column _builder_version=\u00a0\u00bb4.19.5&Prime; _module_preset=\u00a0\u00bbdefault\u00a0\u00bb type=\u00a0\u00bb3_4&Prime;][et_pb_text _builder_version=\u00a0\u00bb4.19.5&Prime; _module_preset=\u00a0\u00bbdefault\u00a0\u00bb global_colors_info=\u00a0\u00bb{}\u00a0\u00bb]<\/p>\n<p><span>Courtier de proximit\u00e9, vous disposerez d\u2019un interlocuteur d\u00e9di\u00e9 de la gestion de vos contrats \u00e0 l\u2019indemnisation des sinistres. Comme vous, nous sommes convaincus que m\u00eame le meilleur outil informatique ne remplace pas la relation humaine.<\/span><\/p>\n<p>[\/et_pb_text][\/et_pb_column][\/et_pb_row][et_pb_row _builder_version=\u00a0\u00bb4.19.5&Prime; _module_preset=\u00a0\u00bbdefault\u00a0\u00bb global_colors_info=\u00a0\u00bb{}\u00a0\u00bb][et_pb_column type=\u00a0\u00bb4_4&Prime; _builder_version=\u00a0\u00bb4.19.5&Prime; _module_preset=\u00a0\u00bbdefault\u00a0\u00bb global_colors_info=\u00a0\u00bb{}\u00a0\u00bb][et_pb_text _builder_version=\u00a0\u00bb4.19.5&Prime; _module_preset=\u00a0\u00bbdefault\u00a0\u00bb header_font=\u00a0\u00bb||||on||||\u00a0\u00bb header_2_font=\u00a0\u00bb||||on|||#173557|\u00a0\u00bb header_2_text_align=\u00a0\u00bbleft\u00a0\u00bb header_2_text_color=\u00a0\u00bb#173557&Prime; header_2_font_size=\u00a0\u00bb32px\u00a0\u00bb hover_enabled=\u00a0\u00bb0&Prime; global_colors_info=\u00a0\u00bb{}\u00a0\u00bb sticky_enabled=\u00a0\u00bb0&Prime;]<\/p>\n<h2>NOTRE HISTOIRE<\/h2>\n<p>[\/et_pb_text][et_pb_text _builder_version=\u00a0\u00bb4.19.5&Prime; _module_preset=\u00a0\u00bbdefault\u00a0\u00bb global_colors_info=\u00a0\u00bb{}\u00a0\u00bb]<\/p>\n<p>Le cabinet a \u00e9t\u00e9 cr\u00e9\u00e9 \u00e0 Nantes en 1989, et repris en 2012 par 4 associ\u00e9s (Eric Bourdeau, Eric Jouin, Laurent Lhermenier et Charles de La Chapelle) avec des comp\u00e9tences et des caract\u00e8res compl\u00e9mentaires, anim\u00e9s par un objectif commun : faire de JBL COURTAGE le partenaire privil\u00e9gi\u00e9 des professionnels de l\u2019immobilier.<\/p>\n<p>En 2021, fort de son exp\u00e9rience sur le Grand Ouest, JBL Courtage s\u2019associe avec Renaud Maka pour cr\u00e9er JBL Grand Paris.<\/p>\n<p>Entour\u00e9s d\u2019une \u00e9quipe de professionnels (gestionnaires, comptables et d\u00e9veloppeurs informatique) avec lesquels nous partageons des valeurs communes, nous nous nourrissons des id\u00e9es de nos clients, partenaires pour avancer et progresser dans le service que nous mettons \u00e0 votre disposition.<\/p>\n<p>M\u00eame si nous investissons massivement sur le digital, nous sommes convaincus que nous devons rester un acteur de proximit\u00e9 pour nos clients. Notre histoire s\u2019est b\u00e2tie au gr\u00e9 de nos rencontres professionnelles comme personnelles, de nos d\u00e9m\u00e9nagements et de l\u2019arriv\u00e9e de nouveaux collaborateurs.<\/p>\n<p>JBL se positionne parmi les 10 premiers cabinets de courtage ind\u00e9pendants et sp\u00e9cialis\u00e9s aupr\u00e8s des professionnels de l\u2019immobilier.<\/p>\n<p>[\/et_pb_text][\/et_pb_column][\/et_pb_row][et_pb_row _builder_version=\u00a0\u00bb4.19.5&Prime; _module_preset=\u00a0\u00bbdefault\u00a0\u00bb global_colors_info=\u00a0\u00bb{}\u00a0\u00bb][et_pb_column type=\u00a0\u00bb4_4&Prime; _builder_version=\u00a0\u00bb4.19.5&Prime; _module_preset=\u00a0\u00bbdefault\u00a0\u00bb global_colors_info=\u00a0\u00bb{}\u00a0\u00bb][et_pb_button button_url=\u00a0\u00bb@ET-DC@eyJkeW5hbWljIjp0cnVlLCJjb250ZW50IjoicG9zdF9saW5rX3VybF9wYWdlIiwic2V0dGluZ3MiOnsicG9zdF9pZCI6Ijk1In19@\u00a0\u00bb button_text=\u00a0\u00bbcontactez-nous\u00a0\u00bb button_alignment=\u00a0\u00bbcenter\u00a0\u00bb _builder_version=\u00a0\u00bb4.19.5&Prime; _dynamic_attributes=\u00a0\u00bbbutton_url\u00a0\u00bb _module_preset=\u00a0\u00bbdefault\u00a0\u00bb custom_button=\u00a0\u00bbon\u00a0\u00bb button_text_color=\u00a0\u00bb#ffffff\u00a0\u00bb button_bg_color=\u00a0\u00bb#ff1f63&Prime; button_border_width=\u00a0\u00bb12px\u00a0\u00bb button_border_color=\u00a0\u00bb#ff1f63&Prime; button_border_radius=\u00a0\u00bb100px\u00a0\u00bb custom_margin=\u00a0\u00bb||||false|false\u00a0\u00bb custom_padding=\u00a0\u00bb15px|50px|15px|50px|true|true\u00a0\u00bb global_module=\u00a0\u00bb108&Prime; global_colors_info=\u00a0\u00bb{}\u00a0\u00bb transform_styles__hover_enabled=\u00a0\u00bbon|hover\u00a0\u00bb transform_scale__hover_enabled=\u00a0\u00bbon|hover\u00a0\u00bb transform_translate__hover_enabled=\u00a0\u00bbon|desktop\u00a0\u00bb transform_rotate__hover_enabled=\u00a0\u00bbon|desktop\u00a0\u00bb transform_skew__hover_enabled=\u00a0\u00bbon|desktop\u00a0\u00bb transform_origin__hover_enabled=\u00a0\u00bbon|desktop\u00a0\u00bb transform_scale__hover=\u00a0\u00bb110%|110%\u00a0\u00bb][\/et_pb_button][\/et_pb_column][\/et_pb_row][\/et_pb_section]<\/p>\n","protected":false},"excerpt":{"rendered":"<p>NOS VALEURSTravaillons s\u00e9rieusement sans se prendre au s\u00e9rieux !JBL Courtage est un courtier de proximit\u00e9, sp\u00e9cialiste des produits d\u2019assurance destin\u00e9s aux professionnels de l\u2019administration de biens, aux promoteurs et aux syndics.ExpertiseNotre \u00e9quipe, compos\u00e9e de sp\u00e9cialistes experts dans leurs domaines, est en permanence en relation avec vos \u00e9quipes (location, gestion, comptable, juridique, syndic\u2026). Parler le m\u00eame [&hellip;]<\/p>\n","protected":false},"author":3,"featured_media":0,"parent":0,"menu_order":0,"comment_status":"closed","ping_status":"closed","template":"","meta":{"_et_pb_use_builder":"on","_et_pb_old_content":"","_et_gb_content_width":"","om_disable_all_campaigns":false,"_monsterinsights_skip_tracking":false,"_monsterinsights_sitenote_active":false,"_monsterinsights_sitenote_note":"","_monsterinsights_sitenote_category":0,"footnotes":""},"class_list":["post-133","page","type-page","status-publish","hentry"],"aioseo_notices":[],"yoast_head":"<!-- This site is optimized with the Yoast SEO plugin v25.6 - https:\/\/yoast.com\/wordpress\/plugins\/seo\/ -->\n<title>Qui sommes nous ? - JBL Courtage<\/title>\n<meta name=\"robots\" content=\"index, follow, max-snippet:-1, max-image-preview:large, max-video-preview:-1\" \/>\n<link rel=\"canonical\" href=\"https:\/\/jbl-courtage.fr\/index.php\/qui-sommes-nous\/\" \/>\n<meta property=\"og:locale\" content=\"fr_FR\" \/>\n<meta property=\"og:type\" content=\"article\" \/>\n<meta property=\"og:title\" content=\"Qui sommes nous ? - JBL Courtage\" \/>\n<meta property=\"og:description\" content=\"NOS VALEURSTravaillons s\u00e9rieusement sans se prendre au s\u00e9rieux !JBL Courtage est un courtier de proximit\u00e9, sp\u00e9cialiste des produits d\u2019assurance destin\u00e9s aux professionnels de l\u2019administration de biens, aux promoteurs et aux syndics.ExpertiseNotre \u00e9quipe, compos\u00e9e de sp\u00e9cialistes experts dans leurs domaines, est en permanence en relation avec vos \u00e9quipes (location, gestion, comptable, juridique, syndic\u2026). Parler le m\u00eame [&hellip;]\" \/>\n<meta property=\"og:url\" content=\"https:\/\/jbl-courtage.fr\/index.php\/qui-sommes-nous\/\" \/>\n<meta property=\"og:site_name\" content=\"JBL Courtage\" \/>\n<meta property=\"article:modified_time\" content=\"2023-02-01T16:23:45+00:00\" \/>\n<meta name=\"twitter:card\" content=\"summary_large_image\" \/>\n<meta name=\"twitter:site\" content=\"@jbl_courtage\" \/>\n<meta name=\"twitter:label1\" content=\"Dur\u00e9e de lecture estim\u00e9e\" \/>\n\t<meta name=\"twitter:data1\" content=\"5 minutes\" \/>\n<script type=\"application\/ld+json\" class=\"yoast-schema-graph\">{\"@context\":\"https:\/\/schema.org\",\"@graph\":[{\"@type\":\"WebPage\",\"@id\":\"https:\/\/jbl-courtage.fr\/index.php\/qui-sommes-nous\/\",\"url\":\"https:\/\/jbl-courtage.fr\/index.php\/qui-sommes-nous\/\",\"name\":\"Qui sommes nous ? - JBL Courtage\",\"isPartOf\":{\"@id\":\"https:\/\/jbl-courtage.fr\/#website\"},\"datePublished\":\"2023-02-01T11:13:29+00:00\",\"dateModified\":\"2023-02-01T16:23:45+00:00\",\"breadcrumb\":{\"@id\":\"https:\/\/jbl-courtage.fr\/index.php\/qui-sommes-nous\/#breadcrumb\"},\"inLanguage\":\"fr-FR\",\"potentialAction\":[{\"@type\":\"ReadAction\",\"target\":[\"https:\/\/jbl-courtage.fr\/index.php\/qui-sommes-nous\/\"]}]},{\"@type\":\"BreadcrumbList\",\"@id\":\"https:\/\/jbl-courtage.fr\/index.php\/qui-sommes-nous\/#breadcrumb\",\"itemListElement\":[{\"@type\":\"ListItem\",\"position\":1,\"name\":\"Accueil\",\"item\":\"https:\/\/jbl-courtage.fr\/\"},{\"@type\":\"ListItem\",\"position\":2,\"name\":\"Qui sommes nous ?\"}]},{\"@type\":\"WebSite\",\"@id\":\"https:\/\/jbl-courtage.fr\/#website\",\"url\":\"https:\/\/jbl-courtage.fr\/\",\"name\":\"JBL Courtage\",\"description\":\"Conseiller, cr\u00e9er, g\u00e9rer\",\"publisher\":{\"@id\":\"https:\/\/jbl-courtage.fr\/#organization\"},\"potentialAction\":[{\"@type\":\"SearchAction\",\"target\":{\"@type\":\"EntryPoint\",\"urlTemplate\":\"https:\/\/jbl-courtage.fr\/?s={search_term_string}\"},\"query-input\":{\"@type\":\"PropertyValueSpecification\",\"valueRequired\":true,\"valueName\":\"search_term_string\"}}],\"inLanguage\":\"fr-FR\"},{\"@type\":\"Organization\",\"@id\":\"https:\/\/jbl-courtage.fr\/#organization\",\"name\":\"JBL Courtage\",\"url\":\"https:\/\/jbl-courtage.fr\/\",\"logo\":{\"@type\":\"ImageObject\",\"inLanguage\":\"fr-FR\",\"@id\":\"https:\/\/jbl-courtage.fr\/#\/schema\/logo\/image\/\",\"url\":\"https:\/\/jbl-courtage.fr\/wp-content\/uploads\/2023\/02\/cropped-favicon2.png\",\"contentUrl\":\"https:\/\/jbl-courtage.fr\/wp-content\/uploads\/2023\/02\/cropped-favicon2.png\",\"width\":512,\"height\":512,\"caption\":\"JBL Courtage\"},\"image\":{\"@id\":\"https:\/\/jbl-courtage.fr\/#\/schema\/logo\/image\/\"},\"sameAs\":[\"https:\/\/x.com\/jbl_courtage\",\"https:\/\/www.linkedin.com\/company\/jblcourtage\/\"]}]}<\/script>\n<!-- \/ Yoast SEO plugin. -->","yoast_head_json":{"title":"Qui sommes nous ? - JBL Courtage","robots":{"index":"index","follow":"follow","max-snippet":"max-snippet:-1","max-image-preview":"max-image-preview:large","max-video-preview":"max-video-preview:-1"},"canonical":"https:\/\/jbl-courtage.fr\/index.php\/qui-sommes-nous\/","og_locale":"fr_FR","og_type":"article","og_title":"Qui sommes nous ? - JBL Courtage","og_description":"NOS VALEURSTravaillons s\u00e9rieusement sans se prendre au s\u00e9rieux !JBL Courtage est un courtier de proximit\u00e9, sp\u00e9cialiste des produits d\u2019assurance destin\u00e9s aux professionnels de l\u2019administration de biens, aux promoteurs et aux syndics.ExpertiseNotre \u00e9quipe, compos\u00e9e de sp\u00e9cialistes experts dans leurs domaines, est en permanence en relation avec vos \u00e9quipes (location, gestion, comptable, juridique, syndic\u2026). Parler le m\u00eame [&hellip;]","og_url":"https:\/\/jbl-courtage.fr\/index.php\/qui-sommes-nous\/","og_site_name":"JBL Courtage","article_modified_time":"2023-02-01T16:23:45+00:00","twitter_card":"summary_large_image","twitter_site":"@jbl_courtage","twitter_misc":{"Dur\u00e9e de lecture estim\u00e9e":"5 minutes"},"schema":{"@context":"https:\/\/schema.org","@graph":[{"@type":"WebPage","@id":"https:\/\/jbl-courtage.fr\/index.php\/qui-sommes-nous\/","url":"https:\/\/jbl-courtage.fr\/index.php\/qui-sommes-nous\/","name":"Qui sommes nous ? - JBL Courtage","isPartOf":{"@id":"https:\/\/jbl-courtage.fr\/#website"},"datePublished":"2023-02-01T11:13:29+00:00","dateModified":"2023-02-01T16:23:45+00:00","breadcrumb":{"@id":"https:\/\/jbl-courtage.fr\/index.php\/qui-sommes-nous\/#breadcrumb"},"inLanguage":"fr-FR","potentialAction":[{"@type":"ReadAction","target":["https:\/\/jbl-courtage.fr\/index.php\/qui-sommes-nous\/"]}]},{"@type":"BreadcrumbList","@id":"https:\/\/jbl-courtage.fr\/index.php\/qui-sommes-nous\/#breadcrumb","itemListElement":[{"@type":"ListItem","position":1,"name":"Accueil","item":"https:\/\/jbl-courtage.fr\/"},{"@type":"ListItem","position":2,"name":"Qui sommes nous ?"}]},{"@type":"WebSite","@id":"https:\/\/jbl-courtage.fr\/#website","url":"https:\/\/jbl-courtage.fr\/","name":"JBL Courtage","description":"Conseiller, cr\u00e9er, g\u00e9rer","publisher":{"@id":"https:\/\/jbl-courtage.fr\/#organization"},"potentialAction":[{"@type":"SearchAction","target":{"@type":"EntryPoint","urlTemplate":"https:\/\/jbl-courtage.fr\/?s={search_term_string}"},"query-input":{"@type":"PropertyValueSpecification","valueRequired":true,"valueName":"search_term_string"}}],"inLanguage":"fr-FR"},{"@type":"Organization","@id":"https:\/\/jbl-courtage.fr\/#organization","name":"JBL Courtage","url":"https:\/\/jbl-courtage.fr\/","logo":{"@type":"ImageObject","inLanguage":"fr-FR","@id":"https:\/\/jbl-courtage.fr\/#\/schema\/logo\/image\/","url":"https:\/\/jbl-courtage.fr\/wp-content\/uploads\/2023\/02\/cropped-favicon2.png","contentUrl":"https:\/\/jbl-courtage.fr\/wp-content\/uploads\/2023\/02\/cropped-favicon2.png","width":512,"height":512,"caption":"JBL Courtage"},"image":{"@id":"https:\/\/jbl-courtage.fr\/#\/schema\/logo\/image\/"},"sameAs":["https:\/\/x.com\/jbl_courtage","https:\/\/www.linkedin.com\/company\/jblcourtage\/"]}]}},"_links":{"self":[{"href":"https:\/\/jbl-courtage.fr\/index.php\/wp-json\/wp\/v2\/pages\/133","targetHints":{"allow":["GET"]}}],"collection":[{"href":"https:\/\/jbl-courtage.fr\/index.php\/wp-json\/wp\/v2\/pages"}],"about":[{"href":"https:\/\/jbl-courtage.fr\/index.php\/wp-json\/wp\/v2\/types\/page"}],"author":[{"embeddable":true,"href":"https:\/\/jbl-courtage.fr\/index.php\/wp-json\/wp\/v2\/users\/3"}],"replies":[{"embeddable":true,"href":"https:\/\/jbl-courtage.fr\/index.php\/wp-json\/wp\/v2\/comments?post=133"}],"version-history":[{"count":8,"href":"https:\/\/jbl-courtage.fr\/index.php\/wp-json\/wp\/v2\/pages\/133\/revisions"}],"predecessor-version":[{"id":260,"href":"https:\/\/jbl-courtage.fr\/index.php\/wp-json\/wp\/v2\/pages\/133\/revisions\/260"}],"wp:attachment":[{"href":"https:\/\/jbl-courtage.fr\/index.php\/wp-json\/wp\/v2\/media?parent=133"}],"curies":[{"name":"wp","href":"https:\/\/api.w.org\/{rel}","templated":true}]}}