{"id":140,"date":"2023-02-01T13:53:13","date_gmt":"2023-02-01T12:53:13","guid":{"rendered":"http:\/\/webfactory-odealim.fr\/?page_id=140"},"modified":"2023-02-02T14:43:31","modified_gmt":"2023-02-02T13:43:31","slug":"assurance-pno","status":"publish","type":"page","link":"https:\/\/jbl-courtage.fr\/index.php\/assurance-pno\/","title":{"rendered":"Assurance PNO"},"content":{"rendered":"<p>[et_pb_section fb_built=\u00a0\u00bb1&Prime; _builder_version=\u00a0\u00bb4.19.5&Prime; _module_preset=\u00a0\u00bbdefault\u00a0\u00bb global_colors_info=\u00a0\u00bb{}\u00a0\u00bb][et_pb_row _builder_version=\u00a0\u00bb4.19.5&Prime; _module_preset=\u00a0\u00bbdefault\u00a0\u00bb custom_padding=\u00a0\u00bb0px|||||\u00a0\u00bb global_colors_info=\u00a0\u00bb{}\u00a0\u00bb][et_pb_column type=\u00a0\u00bb4_4&Prime; _builder_version=\u00a0\u00bb4.19.5&Prime; _module_preset=\u00a0\u00bbdefault\u00a0\u00bb global_colors_info=\u00a0\u00bb{}\u00a0\u00bb][et_pb_text _builder_version=\u00a0\u00bb4.19.5&Prime; _module_preset=\u00a0\u00bbdefault\u00a0\u00bb header_font=\u00a0\u00bb||||on|||#173557|\u00a0\u00bb header_text_align=\u00a0\u00bbleft\u00a0\u00bb header_text_color=\u00a0\u00bb#173557&Prime; header_font_size=\u00a0\u00bb36px\u00a0\u00bb header_2_font=\u00a0\u00bb||||on|||#173557|\u00a0\u00bb header_2_text_align=\u00a0\u00bbcenter\u00a0\u00bb header_2_text_color=\u00a0\u00bb#173557&Prime; header_2_font_size=\u00a0\u00bb35px\u00a0\u00bb global_colors_info=\u00a0\u00bb{}\u00a0\u00bb]<\/p>\n<h1>Assurance Propri\u00e9taire Non-Occupant<\/h1>\n<p>[\/et_pb_text][\/et_pb_column][\/et_pb_row][et_pb_row _builder_version=\u00a0\u00bb4.19.5&Prime; _module_preset=\u00a0\u00bbdefault\u00a0\u00bb custom_margin=\u00a0\u00bb-38px|auto||auto||\u00a0\u00bb global_colors_info=\u00a0\u00bb{}\u00a0\u00bb][et_pb_column type=\u00a0\u00bb4_4&Prime; _builder_version=\u00a0\u00bb4.19.5&Prime; _module_preset=\u00a0\u00bbdefault\u00a0\u00bb global_colors_info=\u00a0\u00bb{}\u00a0\u00bb][et_pb_text _builder_version=\u00a0\u00bb4.19.5&Prime; _module_preset=\u00a0\u00bbdefault\u00a0\u00bb global_colors_info=\u00a0\u00bb{}\u00a0\u00bb]<\/p>\n<p>Nous avons n\u00e9goci\u00e9 pour nos clients administrateurs de biens un contrat groupe aux garanties compl\u00e8tes avec une tarification unique. Notre site extranet vous permet de souscrire en ligne et d\u2019\u00e9diter vos quittances et attestations.<\/p>\n<p>[\/et_pb_text][\/et_pb_column][\/et_pb_row][et_pb_row disabled_on=\u00a0\u00bbon|on|on\u00a0\u00bb _builder_version=\u00a0\u00bb4.19.5&Prime; _module_preset=\u00a0\u00bbdefault\u00a0\u00bb disabled=\u00a0\u00bbon\u00a0\u00bb global_colors_info=\u00a0\u00bb{}\u00a0\u00bb][et_pb_column type=\u00a0\u00bb4_4&Prime; _builder_version=\u00a0\u00bb4.19.5&Prime; _module_preset=\u00a0\u00bbdefault\u00a0\u00bb global_colors_info=\u00a0\u00bb{}\u00a0\u00bb][et_pb_text _builder_version=\u00a0\u00bb4.19.5&Prime; _module_preset=\u00a0\u00bbdefault\u00a0\u00bb global_colors_info=\u00a0\u00bb{}\u00a0\u00bb]<\/p>\n<h3 style=\"text-align: center;\"><span style=\"color: #501b3f;\">Prot\u00e9gez le patrimoine de vos clients<\/span><\/h3>\n<p>[\/et_pb_text][\/et_pb_column][\/et_pb_row][et_pb_row column_structure=\u00a0\u00bb1_4,1_4,1_4,1_4&Prime; disabled_on=\u00a0\u00bbon|on|on\u00a0\u00bb _builder_version=\u00a0\u00bb4.19.5&Prime; _module_preset=\u00a0\u00bbdefault\u00a0\u00bb disabled=\u00a0\u00bbon\u00a0\u00bb global_colors_info=\u00a0\u00bb{}\u00a0\u00bb][et_pb_column type=\u00a0\u00bb1_4&Prime; _builder_version=\u00a0\u00bb4.19.5&Prime; _module_preset=\u00a0\u00bbdefault\u00a0\u00bb global_colors_info=\u00a0\u00bb{}\u00a0\u00bb][et_pb_text _builder_version=\u00a0\u00bb4.19.5&Prime; _module_preset=\u00a0\u00bbdefault\u00a0\u00bb global_colors_info=\u00a0\u00bb{}\u00a0\u00bb]<\/p>\n<h3 style=\"text-align: center;\">Que couvre l&rsquo;assurance PNO ?<\/h3>\n<p>[\/et_pb_text][\/et_pb_column][et_pb_column type=\u00a0\u00bb1_4&Prime; _builder_version=\u00a0\u00bb4.19.5&Prime; _module_preset=\u00a0\u00bbdefault\u00a0\u00bb global_colors_info=\u00a0\u00bb{}\u00a0\u00bb][et_pb_text _builder_version=\u00a0\u00bb4.19.5&Prime; _module_preset=\u00a0\u00bbdefault\u00a0\u00bb global_colors_info=\u00a0\u00bb{}\u00a0\u00bb]<\/p>\n<h3 style=\"text-align: center;\">Une tarification<br \/>sur-mesure<\/h3>\n<p>[\/et_pb_text][\/et_pb_column][et_pb_column type=\u00a0\u00bb1_4&Prime; _builder_version=\u00a0\u00bb4.19.5&Prime; _module_preset=\u00a0\u00bbdefault\u00a0\u00bb global_colors_info=\u00a0\u00bb{}\u00a0\u00bb][et_pb_text _builder_version=\u00a0\u00bb4.19.5&Prime; _module_preset=\u00a0\u00bbdefault\u00a0\u00bb global_colors_info=\u00a0\u00bb{}\u00a0\u00bb]<\/p>\n<h3 style=\"text-align: center;\">Un extranet \u00e0 votre disposition<\/h3>\n<p>[\/et_pb_text][\/et_pb_column][et_pb_column type=\u00a0\u00bb1_4&Prime; _builder_version=\u00a0\u00bb4.19.5&Prime; _module_preset=\u00a0\u00bbdefault\u00a0\u00bb global_colors_info=\u00a0\u00bb{}\u00a0\u00bb][et_pb_text _builder_version=\u00a0\u00bb4.19.5&Prime; _module_preset=\u00a0\u00bbdefault\u00a0\u00bb global_colors_info=\u00a0\u00bb{}\u00a0\u00bb]<\/p>\n<h3 style=\"text-align: center;\">Un interlocuteur unique<\/h3>\n<p>[\/et_pb_text][\/et_pb_column][\/et_pb_row][et_pb_row column_structure=\u00a0\u00bb1_4,1_4,1_4,1_4&Prime; disabled_on=\u00a0\u00bbon|on|on\u00a0\u00bb _builder_version=\u00a0\u00bb4.19.5&Prime; _module_preset=\u00a0\u00bbdefault\u00a0\u00bb disabled=\u00a0\u00bbon\u00a0\u00bb global_colors_info=\u00a0\u00bb{}\u00a0\u00bb][et_pb_column type=\u00a0\u00bb1_4&Prime; _builder_version=\u00a0\u00bb4.19.5&Prime; _module_preset=\u00a0\u00bbdefault\u00a0\u00bb global_colors_info=\u00a0\u00bb{}\u00a0\u00bb][et_pb_icon font_icon=\u00a0\u00bb&#xf3ed;||fa||900&Prime; _builder_version=\u00a0\u00bb4.19.5&Prime; _module_preset=\u00a0\u00bbdefault\u00a0\u00bb global_colors_info=\u00a0\u00bb{}\u00a0\u00bb][\/et_pb_icon][\/et_pb_column][et_pb_column type=\u00a0\u00bb1_4&Prime; _builder_version=\u00a0\u00bb4.19.5&Prime; _module_preset=\u00a0\u00bbdefault\u00a0\u00bb global_colors_info=\u00a0\u00bb{}\u00a0\u00bb][et_pb_icon font_icon=\u00a0\u00bb&#xe0d8;||divi||400&Prime; _builder_version=\u00a0\u00bb4.19.5&Prime; _module_preset=\u00a0\u00bbdefault\u00a0\u00bb global_colors_info=\u00a0\u00bb{}\u00a0\u00bb][\/et_pb_icon][\/et_pb_column][et_pb_column type=\u00a0\u00bb1_4&Prime; _builder_version=\u00a0\u00bb4.19.5&Prime; _module_preset=\u00a0\u00bbdefault\u00a0\u00bb global_colors_info=\u00a0\u00bb{}\u00a0\u00bb][et_pb_icon font_icon=\u00a0\u00bb&#xe074;||divi||400&Prime; _builder_version=\u00a0\u00bb4.19.5&Prime; _module_preset=\u00a0\u00bbdefault\u00a0\u00bb global_colors_info=\u00a0\u00bb{}\u00a0\u00bb][\/et_pb_icon][\/et_pb_column][et_pb_column type=\u00a0\u00bb1_4&Prime; _builder_version=\u00a0\u00bb4.19.5&Prime; _module_preset=\u00a0\u00bbdefault\u00a0\u00bb global_colors_info=\u00a0\u00bb{}\u00a0\u00bb][et_pb_icon font_icon=\u00a0\u00bb&#xe08a;||divi||400&Prime; _builder_version=\u00a0\u00bb4.19.5&Prime; _module_preset=\u00a0\u00bbdefault\u00a0\u00bb global_colors_info=\u00a0\u00bb{}\u00a0\u00bb][\/et_pb_icon][\/et_pb_column][\/et_pb_row][et_pb_row column_structure=\u00a0\u00bb1_4,1_4,1_4,1_4&Prime; disabled_on=\u00a0\u00bbon|on|on\u00a0\u00bb _builder_version=\u00a0\u00bb4.19.5&Prime; _module_preset=\u00a0\u00bbdefault\u00a0\u00bb disabled=\u00a0\u00bbon\u00a0\u00bb global_colors_info=\u00a0\u00bb{}\u00a0\u00bb][et_pb_column type=\u00a0\u00bb1_4&Prime; _builder_version=\u00a0\u00bb4.19.5&Prime; _module_preset=\u00a0\u00bbdefault\u00a0\u00bb global_colors_info=\u00a0\u00bb{}\u00a0\u00bb][et_pb_text _builder_version=\u00a0\u00bb4.19.5&Prime; _module_preset=\u00a0\u00bbdefault\u00a0\u00bb global_colors_info=\u00a0\u00bb{}\u00a0\u00bb]<\/p>\n<p style=\"text-align: center;\"><span style=\"color: #501b3f;\"><em>L<span>\u2019assurance PNO couvre la plupart des risques compris dans une MRH classique :<\/span><\/em><\/span><\/p>\n<p style=\"text-align: center;\"><span>Incendie, d\u00e9g\u00e2ts des eaux, vandalisme, catastrophes naturelles, \u00e9v\u00e9nement climatique, vol, bris de glace, protection juridique\u2026 mais elle couvre \u00e9galement la responsabilit\u00e9 civile de vos mandants. En effet, en tant que propri\u00e9taires, ils sont responsables des dommages que leurs biens peuvent causer \u00e0 leurs locataires ou \u00e0 toute autre personne.<\/span><\/p>\n<p>[\/et_pb_text][\/et_pb_column][et_pb_column type=\u00a0\u00bb1_4&Prime; _builder_version=\u00a0\u00bb4.19.5&Prime; _module_preset=\u00a0\u00bbdefault\u00a0\u00bb global_colors_info=\u00a0\u00bb{}\u00a0\u00bb][et_pb_text _builder_version=\u00a0\u00bb4.19.5&Prime; _module_preset=\u00a0\u00bbdefault\u00a0\u00bb global_colors_info=\u00a0\u00bb{}\u00a0\u00bb]<\/p>\n<p style=\"text-align: center;\"><span>Quelle que soit la taille du bien et son emplacement<\/span><\/p>\n<p>[\/et_pb_text][\/et_pb_column][et_pb_column type=\u00a0\u00bb1_4&Prime; _builder_version=\u00a0\u00bb4.19.5&Prime; _module_preset=\u00a0\u00bbdefault\u00a0\u00bb global_colors_info=\u00a0\u00bb{}\u00a0\u00bb][et_pb_text _builder_version=\u00a0\u00bb4.19.5&Prime; _module_preset=\u00a0\u00bbdefault\u00a0\u00bb global_colors_info=\u00a0\u00bb{}\u00a0\u00bb]<\/p>\n<p style=\"text-align: center;\"><span style=\"color: #501b3f;\"><em><span>La souplesse de souscription et la facilit\u00e9 de gestion d\u2019un contrat groupe<\/span><\/em><\/span><\/p>\n<p style=\"text-align: center;\">Un extranet pour :<\/p>\n<ul>\n<li>Pour souscrire<\/li>\n<li>Pour \u00e9diter les quittances et les attestations<\/li>\n<li>Pour g\u00e9rer les sinistres<\/li>\n<\/ul>\n<p>[\/et_pb_text][\/et_pb_column][et_pb_column type=\u00a0\u00bb1_4&Prime; _builder_version=\u00a0\u00bb4.19.5&Prime; _module_preset=\u00a0\u00bbdefault\u00a0\u00bb global_colors_info=\u00a0\u00bb{}\u00a0\u00bb][et_pb_text _builder_version=\u00a0\u00bb4.19.5&Prime; _module_preset=\u00a0\u00bbdefault\u00a0\u00bb global_colors_info=\u00a0\u00bb{}\u00a0\u00bb]<\/p>\n<p style=\"text-align: center;\"><span style=\"color: #501b3f;\"><em>Parce que les meilleurs outils ne remplaceront jamais le rapport de proximit\u00e9\u2026<\/em><\/span><\/p>\n<p style=\"text-align: center;\">\u2026 nous mettons \u00e0 votre disposition un gestionnaire unique pour le suivi de votre compte. Un seul interlocuteur pour la gestion des sinistres, le suivi de la comptabilit\u00e9 et vos questions diverses.<\/p>\n<p>[\/et_pb_text][\/et_pb_column][\/et_pb_row][et_pb_row _builder_version=\u00a0\u00bb4.19.5&Prime; _module_preset=\u00a0\u00bbdefault\u00a0\u00bb global_colors_info=\u00a0\u00bb{}\u00a0\u00bb][et_pb_column type=\u00a0\u00bb4_4&Prime; _builder_version=\u00a0\u00bb4.19.5&Prime; _module_preset=\u00a0\u00bbdefault\u00a0\u00bb global_colors_info=\u00a0\u00bb{}\u00a0\u00bb][et_pb_text _builder_version=\u00a0\u00bb4.19.5&Prime; _module_preset=\u00a0\u00bbdefault\u00a0\u00bb header_font=\u00a0\u00bb||||on||||\u00a0\u00bb header_2_font=\u00a0\u00bb||||on|||#173557|\u00a0\u00bb header_2_text_align=\u00a0\u00bbleft\u00a0\u00bb header_2_text_color=\u00a0\u00bb#173557&Prime; header_2_font_size=\u00a0\u00bb32px\u00a0\u00bb hover_enabled=\u00a0\u00bb0&Prime; global_colors_info=\u00a0\u00bb{}\u00a0\u00bb sticky_enabled=\u00a0\u00bb0&Prime;]<\/p>\n<h2>Que couvre l&rsquo;assurance PNO ?<\/h2>\n<p>[\/et_pb_text][et_pb_text _builder_version=\u00a0\u00bb4.19.5&Prime; _module_preset=\u00a0\u00bbdefault\u00a0\u00bb global_colors_info=\u00a0\u00bb{}\u00a0\u00bb]<\/p>\n<p>L\u2019assurance PNO couvre la plupart des risques compris dans une MRH classique :<\/p>\n<p>Incendie, d\u00e9g\u00e2ts des eaux, vandalisme, catastrophes naturelles, \u00e9v\u00e9nement climatique, vol, bris de glace, protection juridique\u2026 mais elle couvre \u00e9galement la responsabilit\u00e9 civile de vos mandants. En effet, en tant que propri\u00e9taires, ils sont responsables des dommages que leurs biens peuvent causer \u00e0 leurs locataires ou \u00e0 toute autre personne.\n<\/p>\n<p>[\/et_pb_text][\/et_pb_column][\/et_pb_row][et_pb_row _builder_version=\u00a0\u00bb4.19.5&Prime; _module_preset=\u00a0\u00bbdefault\u00a0\u00bb global_colors_info=\u00a0\u00bb{}\u00a0\u00bb][et_pb_column type=\u00a0\u00bb4_4&Prime; _builder_version=\u00a0\u00bb4.19.5&Prime; _module_preset=\u00a0\u00bbdefault\u00a0\u00bb global_colors_info=\u00a0\u00bb{}\u00a0\u00bb][et_pb_tabs active_tab_background_color=\u00a0\u00bb#ff1f63&Prime; active_tab_text_color=\u00a0\u00bb#FFFFFF\u00a0\u00bb _builder_version=\u00a0\u00bb4.19.5&Prime; _module_preset=\u00a0\u00bbdefault\u00a0\u00bb tab_font=\u00a0\u00bb||||||||\u00a0\u00bb tab_font_size=\u00a0\u00bb14px\u00a0\u00bb global_colors_info=\u00a0\u00bb{}\u00a0\u00bb][et_pb_tab title=\u00a0\u00bbUne tarification sur-mesure\u00a0\u00bb _builder_version=\u00a0\u00bb4.19.5&Prime; _module_preset=\u00a0\u00bbdefault\u00a0\u00bb global_colors_info=\u00a0\u00bb{}\u00a0\u00bb]<\/p>\n<p><span>Quelle que soit la taille du bien et son emplacement<\/span><\/p>\n<p>[\/et_pb_tab][et_pb_tab title=\u00a0\u00bbUn extranet \u00e0 votre disposition\u00a0\u00bb _builder_version=\u00a0\u00bb4.19.5&Prime; _module_preset=\u00a0\u00bbdefault\u00a0\u00bb global_colors_info=\u00a0\u00bb{}\u00a0\u00bb]<\/p>\n<p>La souplesse de souscription et la facilit\u00e9 de gestion d\u2019un contrat groupe.\u00a0Un extranet pour :<\/p>\n<ul>\n<li>Pour souscrire<\/li>\n<li>Pour \u00e9diter les quittances et les attestations<\/li>\n<li>Pour g\u00e9rer les sinistres<\/li>\n<\/ul>\n<p>[\/et_pb_tab][et_pb_tab title=\u00a0\u00bbUn interlocuteur unique\u00a0\u00bb _builder_version=\u00a0\u00bb4.19.5&Prime; _module_preset=\u00a0\u00bbdefault\u00a0\u00bb global_colors_info=\u00a0\u00bb{}\u00a0\u00bb]Parce que les meilleurs outils ne remplaceront jamais le rapport de proximit\u00e9 nous mettons \u00e0 votre disposition un gestionnaire unique pour le suivi de votre compte. Un seul interlocuteur pour la gestion des sinistres, le suivi de la comptabilit\u00e9 et vos questions diverses.[\/et_pb_tab][\/et_pb_tabs][\/et_pb_column][\/et_pb_row][et_pb_row _builder_version=\u00a0\u00bb4.19.5&Prime; _module_preset=\u00a0\u00bbdefault\u00a0\u00bb custom_padding=\u00a0\u00bb21px|||||\u00a0\u00bb global_colors_info=\u00a0\u00bb{}\u00a0\u00bb][et_pb_column type=\u00a0\u00bb4_4&Prime; _builder_version=\u00a0\u00bb4.19.5&Prime; _module_preset=\u00a0\u00bbdefault\u00a0\u00bb global_colors_info=\u00a0\u00bb{}\u00a0\u00bb][et_pb_button button_url=\u00a0\u00bb@ET-DC@eyJkeW5hbWljIjp0cnVlLCJjb250ZW50IjoicG9zdF9saW5rX3VybF9wYWdlIiwic2V0dGluZ3MiOnsicG9zdF9pZCI6Ijk1In19@\u00a0\u00bb button_text=\u00a0\u00bbContactez-nous\u00a0\u00bb button_alignment=\u00a0\u00bbcenter\u00a0\u00bb _builder_version=\u00a0\u00bb4.19.5&Prime; _dynamic_attributes=\u00a0\u00bbbutton_url\u00a0\u00bb _module_preset=\u00a0\u00bbdefault\u00a0\u00bb custom_button=\u00a0\u00bbon\u00a0\u00bb button_text_color=\u00a0\u00bb#ffffff\u00a0\u00bb button_bg_color=\u00a0\u00bb#ff1f63&Prime; button_border_width=\u00a0\u00bb12px\u00a0\u00bb button_border_color=\u00a0\u00bb#ff1f63&Prime; button_border_radius=\u00a0\u00bb100px\u00a0\u00bb custom_margin=\u00a0\u00bb||||false|false\u00a0\u00bb custom_padding=\u00a0\u00bb15px|50px|15px|50px|true|true\u00a0\u00bb global_module=\u00a0\u00bb108&Prime; saved_tabs=\u00a0\u00bball\u00a0\u00bb global_colors_info=\u00a0\u00bb{}\u00a0\u00bb transform_styles__hover_enabled=\u00a0\u00bbon|hover\u00a0\u00bb transform_scale__hover_enabled=\u00a0\u00bbon|hover\u00a0\u00bb transform_translate__hover_enabled=\u00a0\u00bbon|desktop\u00a0\u00bb transform_rotate__hover_enabled=\u00a0\u00bbon|desktop\u00a0\u00bb transform_skew__hover_enabled=\u00a0\u00bbon|desktop\u00a0\u00bb transform_origin__hover_enabled=\u00a0\u00bbon|desktop\u00a0\u00bb transform_scale__hover=\u00a0\u00bb110%|110%\u00a0\u00bb][\/et_pb_button][\/et_pb_column][\/et_pb_row][\/et_pb_section]<\/p>\n","protected":false},"excerpt":{"rendered":"<p>Assurance Propri\u00e9taire Non-OccupantNous avons n\u00e9goci\u00e9 pour nos clients administrateurs de biens un contrat groupe aux garanties compl\u00e8tes avec une tarification unique. Notre site extranet vous permet de souscrire en ligne et d\u2019\u00e9diter vos quittances et attestations.Prot\u00e9gez le patrimoine de vos clientsQue couvre l&rsquo;assurance PNO ?Une tarificationsur-mesureUn extranet \u00e0 votre dispositionUn interlocuteur uniqueL\u2019assurance PNO couvre la [&hellip;]<\/p>\n","protected":false},"author":5,"featured_media":0,"parent":0,"menu_order":0,"comment_status":"closed","ping_status":"closed","template":"","meta":{"_et_pb_use_builder":"on","_et_pb_old_content":"","_et_gb_content_width":"","om_disable_all_campaigns":false,"_monsterinsights_skip_tracking":false,"_monsterinsights_sitenote_active":false,"_monsterinsights_sitenote_note":"","_monsterinsights_sitenote_category":0,"footnotes":""},"class_list":["post-140","page","type-page","status-publish","hentry"],"aioseo_notices":[],"yoast_head":"<!-- This site is optimized with the Yoast SEO plugin v25.6 - https:\/\/yoast.com\/wordpress\/plugins\/seo\/ -->\n<title>Assurance PNO - JBL Courtage<\/title>\n<meta name=\"robots\" content=\"index, follow, max-snippet:-1, max-image-preview:large, max-video-preview:-1\" \/>\n<link rel=\"canonical\" href=\"https:\/\/jbl-courtage.fr\/index.php\/assurance-pno\/\" \/>\n<meta property=\"og:locale\" content=\"fr_FR\" \/>\n<meta property=\"og:type\" content=\"article\" \/>\n<meta property=\"og:title\" content=\"Assurance PNO - JBL Courtage\" \/>\n<meta property=\"og:description\" content=\"Assurance Propri\u00e9taire Non-OccupantNous avons n\u00e9goci\u00e9 pour nos clients administrateurs de biens un contrat groupe aux garanties compl\u00e8tes avec une tarification unique. Notre site extranet vous permet de souscrire en ligne et d\u2019\u00e9diter vos quittances et attestations.Prot\u00e9gez le patrimoine de vos clientsQue couvre l&#039;assurance PNO ?Une tarificationsur-mesureUn extranet \u00e0 votre dispositionUn interlocuteur uniqueL\u2019assurance PNO couvre la [&hellip;]\" \/>\n<meta property=\"og:url\" content=\"https:\/\/jbl-courtage.fr\/index.php\/assurance-pno\/\" \/>\n<meta property=\"og:site_name\" content=\"JBL Courtage\" \/>\n<meta property=\"article:modified_time\" content=\"2023-02-02T13:43:31+00:00\" \/>\n<meta name=\"twitter:card\" content=\"summary_large_image\" \/>\n<meta name=\"twitter:site\" content=\"@jbl_courtage\" \/>\n<meta name=\"twitter:label1\" content=\"Dur\u00e9e de lecture estim\u00e9e\" \/>\n\t<meta name=\"twitter:data1\" content=\"7 minutes\" \/>\n<script type=\"application\/ld+json\" class=\"yoast-schema-graph\">{\"@context\":\"https:\/\/schema.org\",\"@graph\":[{\"@type\":\"WebPage\",\"@id\":\"https:\/\/jbl-courtage.fr\/index.php\/assurance-pno\/\",\"url\":\"https:\/\/jbl-courtage.fr\/index.php\/assurance-pno\/\",\"name\":\"Assurance PNO - JBL Courtage\",\"isPartOf\":{\"@id\":\"https:\/\/jbl-courtage.fr\/#website\"},\"datePublished\":\"2023-02-01T12:53:13+00:00\",\"dateModified\":\"2023-02-02T13:43:31+00:00\",\"breadcrumb\":{\"@id\":\"https:\/\/jbl-courtage.fr\/index.php\/assurance-pno\/#breadcrumb\"},\"inLanguage\":\"fr-FR\",\"potentialAction\":[{\"@type\":\"ReadAction\",\"target\":[\"https:\/\/jbl-courtage.fr\/index.php\/assurance-pno\/\"]}]},{\"@type\":\"BreadcrumbList\",\"@id\":\"https:\/\/jbl-courtage.fr\/index.php\/assurance-pno\/#breadcrumb\",\"itemListElement\":[{\"@type\":\"ListItem\",\"position\":1,\"name\":\"Accueil\",\"item\":\"https:\/\/jbl-courtage.fr\/\"},{\"@type\":\"ListItem\",\"position\":2,\"name\":\"Assurance PNO\"}]},{\"@type\":\"WebSite\",\"@id\":\"https:\/\/jbl-courtage.fr\/#website\",\"url\":\"https:\/\/jbl-courtage.fr\/\",\"name\":\"JBL Courtage\",\"description\":\"Conseiller, cr\u00e9er, g\u00e9rer\",\"publisher\":{\"@id\":\"https:\/\/jbl-courtage.fr\/#organization\"},\"potentialAction\":[{\"@type\":\"SearchAction\",\"target\":{\"@type\":\"EntryPoint\",\"urlTemplate\":\"https:\/\/jbl-courtage.fr\/?s={search_term_string}\"},\"query-input\":{\"@type\":\"PropertyValueSpecification\",\"valueRequired\":true,\"valueName\":\"search_term_string\"}}],\"inLanguage\":\"fr-FR\"},{\"@type\":\"Organization\",\"@id\":\"https:\/\/jbl-courtage.fr\/#organization\",\"name\":\"JBL Courtage\",\"url\":\"https:\/\/jbl-courtage.fr\/\",\"logo\":{\"@type\":\"ImageObject\",\"inLanguage\":\"fr-FR\",\"@id\":\"https:\/\/jbl-courtage.fr\/#\/schema\/logo\/image\/\",\"url\":\"https:\/\/jbl-courtage.fr\/wp-content\/uploads\/2023\/02\/cropped-favicon2.png\",\"contentUrl\":\"https:\/\/jbl-courtage.fr\/wp-content\/uploads\/2023\/02\/cropped-favicon2.png\",\"width\":512,\"height\":512,\"caption\":\"JBL Courtage\"},\"image\":{\"@id\":\"https:\/\/jbl-courtage.fr\/#\/schema\/logo\/image\/\"},\"sameAs\":[\"https:\/\/x.com\/jbl_courtage\",\"https:\/\/www.linkedin.com\/company\/jblcourtage\/\"]}]}<\/script>\n<!-- \/ Yoast SEO plugin. -->","yoast_head_json":{"title":"Assurance PNO - JBL Courtage","robots":{"index":"index","follow":"follow","max-snippet":"max-snippet:-1","max-image-preview":"max-image-preview:large","max-video-preview":"max-video-preview:-1"},"canonical":"https:\/\/jbl-courtage.fr\/index.php\/assurance-pno\/","og_locale":"fr_FR","og_type":"article","og_title":"Assurance PNO - JBL Courtage","og_description":"Assurance Propri\u00e9taire Non-OccupantNous avons n\u00e9goci\u00e9 pour nos clients administrateurs de biens un contrat groupe aux garanties compl\u00e8tes avec une tarification unique. Notre site extranet vous permet de souscrire en ligne et d\u2019\u00e9diter vos quittances et attestations.Prot\u00e9gez le patrimoine de vos clientsQue couvre l'assurance PNO ?Une tarificationsur-mesureUn extranet \u00e0 votre dispositionUn interlocuteur uniqueL\u2019assurance PNO couvre la [&hellip;]","og_url":"https:\/\/jbl-courtage.fr\/index.php\/assurance-pno\/","og_site_name":"JBL Courtage","article_modified_time":"2023-02-02T13:43:31+00:00","twitter_card":"summary_large_image","twitter_site":"@jbl_courtage","twitter_misc":{"Dur\u00e9e de lecture estim\u00e9e":"7 minutes"},"schema":{"@context":"https:\/\/schema.org","@graph":[{"@type":"WebPage","@id":"https:\/\/jbl-courtage.fr\/index.php\/assurance-pno\/","url":"https:\/\/jbl-courtage.fr\/index.php\/assurance-pno\/","name":"Assurance PNO - JBL Courtage","isPartOf":{"@id":"https:\/\/jbl-courtage.fr\/#website"},"datePublished":"2023-02-01T12:53:13+00:00","dateModified":"2023-02-02T13:43:31+00:00","breadcrumb":{"@id":"https:\/\/jbl-courtage.fr\/index.php\/assurance-pno\/#breadcrumb"},"inLanguage":"fr-FR","potentialAction":[{"@type":"ReadAction","target":["https:\/\/jbl-courtage.fr\/index.php\/assurance-pno\/"]}]},{"@type":"BreadcrumbList","@id":"https:\/\/jbl-courtage.fr\/index.php\/assurance-pno\/#breadcrumb","itemListElement":[{"@type":"ListItem","position":1,"name":"Accueil","item":"https:\/\/jbl-courtage.fr\/"},{"@type":"ListItem","position":2,"name":"Assurance PNO"}]},{"@type":"WebSite","@id":"https:\/\/jbl-courtage.fr\/#website","url":"https:\/\/jbl-courtage.fr\/","name":"JBL Courtage","description":"Conseiller, cr\u00e9er, g\u00e9rer","publisher":{"@id":"https:\/\/jbl-courtage.fr\/#organization"},"potentialAction":[{"@type":"SearchAction","target":{"@type":"EntryPoint","urlTemplate":"https:\/\/jbl-courtage.fr\/?s={search_term_string}"},"query-input":{"@type":"PropertyValueSpecification","valueRequired":true,"valueName":"search_term_string"}}],"inLanguage":"fr-FR"},{"@type":"Organization","@id":"https:\/\/jbl-courtage.fr\/#organization","name":"JBL Courtage","url":"https:\/\/jbl-courtage.fr\/","logo":{"@type":"ImageObject","inLanguage":"fr-FR","@id":"https:\/\/jbl-courtage.fr\/#\/schema\/logo\/image\/","url":"https:\/\/jbl-courtage.fr\/wp-content\/uploads\/2023\/02\/cropped-favicon2.png","contentUrl":"https:\/\/jbl-courtage.fr\/wp-content\/uploads\/2023\/02\/cropped-favicon2.png","width":512,"height":512,"caption":"JBL Courtage"},"image":{"@id":"https:\/\/jbl-courtage.fr\/#\/schema\/logo\/image\/"},"sameAs":["https:\/\/x.com\/jbl_courtage","https:\/\/www.linkedin.com\/company\/jblcourtage\/"]}]}},"_links":{"self":[{"href":"https:\/\/jbl-courtage.fr\/index.php\/wp-json\/wp\/v2\/pages\/140","targetHints":{"allow":["GET"]}}],"collection":[{"href":"https:\/\/jbl-courtage.fr\/index.php\/wp-json\/wp\/v2\/pages"}],"about":[{"href":"https:\/\/jbl-courtage.fr\/index.php\/wp-json\/wp\/v2\/types\/page"}],"author":[{"embeddable":true,"href":"https:\/\/jbl-courtage.fr\/index.php\/wp-json\/wp\/v2\/users\/5"}],"replies":[{"embeddable":true,"href":"https:\/\/jbl-courtage.fr\/index.php\/wp-json\/wp\/v2\/comments?post=140"}],"version-history":[{"count":4,"href":"https:\/\/jbl-courtage.fr\/index.php\/wp-json\/wp\/v2\/pages\/140\/revisions"}],"predecessor-version":[{"id":282,"href":"https:\/\/jbl-courtage.fr\/index.php\/wp-json\/wp\/v2\/pages\/140\/revisions\/282"}],"wp:attachment":[{"href":"https:\/\/jbl-courtage.fr\/index.php\/wp-json\/wp\/v2\/media?parent=140"}],"curies":[{"name":"wp","href":"https:\/\/api.w.org\/{rel}","templated":true}]}}