{"id":165,"date":"2023-02-01T14:29:36","date_gmt":"2023-02-01T13:29:36","guid":{"rendered":"http:\/\/webfactory-odealim.fr\/?page_id=165"},"modified":"2023-02-02T14:45:08","modified_gmt":"2023-02-02T13:45:08","slug":"plateforme-digitale","status":"publish","type":"page","link":"https:\/\/jbl-courtage.fr\/index.php\/plateforme-digitale\/","title":{"rendered":"Plateforme Digitale"},"content":{"rendered":"<p>[et_pb_section fb_built=\u00a0\u00bb1&Prime; _builder_version=\u00a0\u00bb4.19.5&Prime; _module_preset=\u00a0\u00bbdefault\u00a0\u00bb global_colors_info=\u00a0\u00bb{}\u00a0\u00bb][et_pb_row _builder_version=\u00a0\u00bb4.19.5&Prime; _module_preset=\u00a0\u00bbdefault\u00a0\u00bb custom_padding=\u00a0\u00bb0px|||||\u00a0\u00bb global_colors_info=\u00a0\u00bb{}\u00a0\u00bb][et_pb_column type=\u00a0\u00bb4_4&Prime; _builder_version=\u00a0\u00bb4.19.5&Prime; _module_preset=\u00a0\u00bbdefault\u00a0\u00bb global_colors_info=\u00a0\u00bb{}\u00a0\u00bb][et_pb_text _builder_version=\u00a0\u00bb4.19.5&Prime; _module_preset=\u00a0\u00bbdefault\u00a0\u00bb header_font=\u00a0\u00bb||||on|||#173557|\u00a0\u00bb header_text_align=\u00a0\u00bbleft\u00a0\u00bb header_text_color=\u00a0\u00bb#173557&Prime; header_font_size=\u00a0\u00bb36px\u00a0\u00bb header_2_font=\u00a0\u00bb||||on|||#173557|\u00a0\u00bb header_2_text_align=\u00a0\u00bbcenter\u00a0\u00bb header_2_text_color=\u00a0\u00bb#173557&Prime; header_2_font_size=\u00a0\u00bb35px\u00a0\u00bb global_colors_info=\u00a0\u00bb{}\u00a0\u00bb]<\/p>\n<h1>Plateforme Digitale S\u00e9curis\u00e9e<\/h1>\n<p>[\/et_pb_text][\/et_pb_column][\/et_pb_row][et_pb_row _builder_version=\u00a0\u00bb4.19.5&Prime; _module_preset=\u00a0\u00bbdefault\u00a0\u00bb custom_margin=\u00a0\u00bb-38px|auto||auto||\u00a0\u00bb global_colors_info=\u00a0\u00bb{}\u00a0\u00bb][et_pb_column type=\u00a0\u00bb4_4&Prime; _builder_version=\u00a0\u00bb4.19.5&Prime; _module_preset=\u00a0\u00bbdefault\u00a0\u00bb global_colors_info=\u00a0\u00bb{}\u00a0\u00bb][et_pb_text _builder_version=\u00a0\u00bb4.19.5&Prime; _module_preset=\u00a0\u00bbdefault\u00a0\u00bb global_colors_info=\u00a0\u00bb{}\u00a0\u00bb]<\/p>\n<p>JBL Courtage a cr\u00e9\u00e9 une plateforme digitale de gestion s\u00e9curis\u00e9e au service des acteurs de l\u2019immobilier, administrateurs de biens, syndic, promoteurs, notaires, avocats, huissiers, soci\u00e9t\u00e9 de recouvrement, assureurs, courtiers et artisans connect\u00e9e aux principaux outils de gestion du march\u00e9. Un outil performant, connect\u00e9 \u00e0 vos outils de gestion, disponible en permanence et \u00e9volutif !<\/p>\n<p>[\/et_pb_text][\/et_pb_column][\/et_pb_row][et_pb_row _builder_version=\u00a0\u00bb4.19.5&Prime; _module_preset=\u00a0\u00bbdefault\u00a0\u00bb global_colors_info=\u00a0\u00bb{}\u00a0\u00bb][et_pb_column type=\u00a0\u00bb4_4&Prime; _builder_version=\u00a0\u00bb4.19.5&Prime; _module_preset=\u00a0\u00bbdefault\u00a0\u00bb global_colors_info=\u00a0\u00bb{}\u00a0\u00bb][et_pb_text _builder_version=\u00a0\u00bb4.19.5&Prime; _module_preset=\u00a0\u00bbdefault\u00a0\u00bb header_font=\u00a0\u00bb||||on||||\u00a0\u00bb header_2_font=\u00a0\u00bb||||on|||#173557|\u00a0\u00bb header_2_text_align=\u00a0\u00bbleft\u00a0\u00bb header_2_text_color=\u00a0\u00bb#173557&Prime; header_2_font_size=\u00a0\u00bb32px\u00a0\u00bb hover_enabled=\u00a0\u00bb0&Prime; global_colors_info=\u00a0\u00bb{}\u00a0\u00bb sticky_enabled=\u00a0\u00bb0&Prime;]<\/p>\n<h2>Connectivit\u00e9<\/h2>\n<p>[\/et_pb_text][et_pb_text _builder_version=\u00a0\u00bb4.19.5&Prime; _module_preset=\u00a0\u00bbdefault\u00a0\u00bb global_colors_info=\u00a0\u00bb{}\u00a0\u00bb]<\/p>\n<p style=\"text-align: left;\">Nous d\u00e9veloppons des API connect\u00e9es avec vos outils informatiques, afin de vous faire gagner en efficience. Notre objectif est de supprimer les t\u00e2ches sans valeur ajout\u00e9e.<\/p>\n<p>[\/et_pb_text][\/et_pb_column][\/et_pb_row][et_pb_row column_structure=\u00a0\u00bb1_4,1_4,1_4,1_4&Prime; disabled_on=\u00a0\u00bbon|on|on\u00a0\u00bb _builder_version=\u00a0\u00bb4.19.5&Prime; _module_preset=\u00a0\u00bbdefault\u00a0\u00bb disabled=\u00a0\u00bbon\u00a0\u00bb global_colors_info=\u00a0\u00bb{}\u00a0\u00bb][et_pb_column type=\u00a0\u00bb1_4&Prime; _builder_version=\u00a0\u00bb4.19.5&Prime; _module_preset=\u00a0\u00bbdefault\u00a0\u00bb global_colors_info=\u00a0\u00bb{}\u00a0\u00bb][et_pb_tabs _builder_version=\u00a0\u00bb4.19.5&Prime; _module_preset=\u00a0\u00bbdefault\u00a0\u00bb global_colors_info=\u00a0\u00bb{}\u00a0\u00bb][et_pb_tab title=\u00a0\u00bbTarification et souscription \u00a0\u00bb _builder_version=\u00a0\u00bb4.19.5&Prime; _module_preset=\u00a0\u00bbdefault\u00a0\u00bb global_colors_info=\u00a0\u00bb{}\u00a0\u00bb]<\/p>\n<ul>\n<li style=\"text-align: left;\">PNO<\/li>\n<li style=\"text-align: left;\">MRI &amp; PJ<\/li>\n<li style=\"text-align: left;\">GLI<\/li>\n<\/ul>\n<p>[\/et_pb_tab][\/et_pb_tabs][\/et_pb_column][et_pb_column type=\u00a0\u00bb1_4&Prime; _builder_version=\u00a0\u00bb4.19.5&Prime; _module_preset=\u00a0\u00bbdefault\u00a0\u00bb global_colors_info=\u00a0\u00bb{}\u00a0\u00bb][et_pb_tabs _builder_version=\u00a0\u00bb4.19.5&Prime; _module_preset=\u00a0\u00bbdefault\u00a0\u00bb global_colors_info=\u00a0\u00bb{}\u00a0\u00bb][et_pb_tab title=\u00a0\u00bbLEBONLOC\u00a0\u00bb _builder_version=\u00a0\u00bb4.19.5&Prime; _module_preset=\u00a0\u00bbdefault\u00a0\u00bb global_colors_info=\u00a0\u00bb{}\u00a0\u00bb]<\/p>\n<ul>\n<li>Validation des dossiers locataires<\/li>\n<li>V\u00e9rification des documents locataires<\/li>\n<li>Agr\u00e9ment irr\u00e9vocable sous 24h<\/li>\n<\/ul>\n<p>[\/et_pb_tab][\/et_pb_tabs][\/et_pb_column][et_pb_column type=\u00a0\u00bb1_4&Prime; _builder_version=\u00a0\u00bb4.19.5&Prime; _module_preset=\u00a0\u00bbdefault\u00a0\u00bb global_colors_info=\u00a0\u00bb{}\u00a0\u00bb][et_pb_tabs _builder_version=\u00a0\u00bb4.19.5&Prime; _module_preset=\u00a0\u00bbdefault\u00a0\u00bb global_colors_info=\u00a0\u00bb{}\u00a0\u00bb][et_pb_tab title=\u00a0\u00bbGestion des sinistres\u00a0\u00bb _builder_version=\u00a0\u00bb4.19.5&Prime; _module_preset=\u00a0\u00bbdefault\u00a0\u00bb global_colors_info=\u00a0\u00bb{}\u00a0\u00bb]<\/p>\n<ul>\n<li>D\u00e9claration des sinistres<\/li>\n<li>Suivi des proc\u00e9dures<\/li>\n<li>Validation des indemnisations<\/li>\n<li>Suivi comptable<\/li>\n<\/ul>\n<p>[\/et_pb_tab][\/et_pb_tabs][\/et_pb_column][et_pb_column type=\u00a0\u00bb1_4&Prime; _builder_version=\u00a0\u00bb4.19.5&Prime; _module_preset=\u00a0\u00bbdefault\u00a0\u00bb global_colors_info=\u00a0\u00bb{}\u00a0\u00bb][et_pb_tabs _builder_version=\u00a0\u00bb4.19.5&Prime; _module_preset=\u00a0\u00bbdefault\u00a0\u00bb global_colors_info=\u00a0\u00bb{}\u00a0\u00bb][et_pb_tab title=\u00a0\u00bbGestion du recouvrement\u00a0\u00bb _builder_version=\u00a0\u00bb4.19.5&Prime; _module_preset=\u00a0\u00bbdefault\u00a0\u00bb global_colors_info=\u00a0\u00bb{}\u00a0\u00bb]<\/p>\n<ul>\n<li>Assur\u00e9<\/li>\n<li>Non-assur\u00e9<\/li>\n<\/ul>\n<p>[\/et_pb_tab][\/et_pb_tabs][\/et_pb_column][\/et_pb_row][et_pb_row _builder_version=\u00a0\u00bb4.19.5&Prime; _module_preset=\u00a0\u00bbdefault\u00a0\u00bb global_colors_info=\u00a0\u00bb{}\u00a0\u00bb][et_pb_column type=\u00a0\u00bb4_4&Prime; _builder_version=\u00a0\u00bb4.19.5&Prime; _module_preset=\u00a0\u00bbdefault\u00a0\u00bb global_colors_info=\u00a0\u00bb{}\u00a0\u00bb][et_pb_text _builder_version=\u00a0\u00bb4.19.5&Prime; _module_preset=\u00a0\u00bbdefault\u00a0\u00bb header_font=\u00a0\u00bb|||on|on||||\u00a0\u00bb header_2_font=\u00a0\u00bb||||on|||#173557|\u00a0\u00bb header_2_text_align=\u00a0\u00bbleft\u00a0\u00bb header_2_text_color=\u00a0\u00bb#173557&Prime; header_2_font_size=\u00a0\u00bb32px\u00a0\u00bb hover_enabled=\u00a0\u00bb0&Prime; global_colors_info=\u00a0\u00bb{}\u00a0\u00bb sticky_enabled=\u00a0\u00bb0&Prime;]<\/p>\n<h2>Nos diff\u00e9rents modules<\/h2>\n<p>[\/et_pb_text][\/et_pb_column][\/et_pb_row][et_pb_row _builder_version=\u00a0\u00bb4.19.5&Prime; _module_preset=\u00a0\u00bbdefault\u00a0\u00bb global_colors_info=\u00a0\u00bb{}\u00a0\u00bb][et_pb_column type=\u00a0\u00bb4_4&Prime; _builder_version=\u00a0\u00bb4.19.5&Prime; _module_preset=\u00a0\u00bbdefault\u00a0\u00bb global_colors_info=\u00a0\u00bb{}\u00a0\u00bb][et_pb_tabs active_tab_background_color=\u00a0\u00bb#ff1f63&Prime; active_tab_text_color=\u00a0\u00bb#FFFFFF\u00a0\u00bb _builder_version=\u00a0\u00bb4.19.5&Prime; _module_preset=\u00a0\u00bbdefault\u00a0\u00bb tab_font=\u00a0\u00bb||||||||\u00a0\u00bb tab_font_size=\u00a0\u00bb14px\u00a0\u00bb global_colors_info=\u00a0\u00bb{}\u00a0\u00bb][et_pb_tab title=\u00a0\u00bbTarification et souscription\u00a0\u00bb _builder_version=\u00a0\u00bb4.19.5&Prime; _module_preset=\u00a0\u00bbdefault\u00a0\u00bb global_colors_info=\u00a0\u00bb{}\u00a0\u00bb]<\/p>\n<ul>\n<li style=\"text-align: left;\">PNO<\/li>\n<li style=\"text-align: left;\">MRI &amp; PJ<\/li>\n<li style=\"text-align: left;\">GLI<\/li>\n<\/ul>\n<p>[\/et_pb_tab][et_pb_tab title=\u00a0\u00bbLEBONLOC\u00a0\u00bb _builder_version=\u00a0\u00bb4.19.5&Prime; _module_preset=\u00a0\u00bbdefault\u00a0\u00bb global_colors_info=\u00a0\u00bb{}\u00a0\u00bb]<\/p>\n<ul>\n<li>Validation des dossiers locataires<\/li>\n<li>V\u00e9rification des documents locataires<\/li>\n<li>Agr\u00e9ment irr\u00e9vocable sous 24h<\/li>\n<\/ul>\n<p>[\/et_pb_tab][et_pb_tab title=\u00a0\u00bbGestion des sinistres\u00a0\u00bb _builder_version=\u00a0\u00bb4.19.5&Prime; _module_preset=\u00a0\u00bbdefault\u00a0\u00bb global_colors_info=\u00a0\u00bb{}\u00a0\u00bb]<\/p>\n<ul>\n<li>D\u00e9claration des sinistres<\/li>\n<li>Suivi des proc\u00e9dures<\/li>\n<li>Validation des indemnisations<\/li>\n<li>Suivi comptable<\/li>\n<\/ul>\n<p>[\/et_pb_tab][et_pb_tab title=\u00a0\u00bbGestion du recouvrement\u00a0\u00bb _builder_version=\u00a0\u00bb4.19.5&Prime; _module_preset=\u00a0\u00bbdefault\u00a0\u00bb global_colors_info=\u00a0\u00bb{}\u00a0\u00bb]<\/p>\n<ul>\n<li>Assur\u00e9<\/li>\n<li>Non-assur\u00e9<\/li>\n<\/ul>\n<p>[\/et_pb_tab][\/et_pb_tabs][\/et_pb_column][\/et_pb_row][et_pb_row _builder_version=\u00a0\u00bb4.19.5&Prime; _module_preset=\u00a0\u00bbdefault\u00a0\u00bb global_colors_info=\u00a0\u00bb{}\u00a0\u00bb][et_pb_column type=\u00a0\u00bb4_4&Prime; _builder_version=\u00a0\u00bb4.19.5&Prime; _module_preset=\u00a0\u00bbdefault\u00a0\u00bb global_colors_info=\u00a0\u00bb{}\u00a0\u00bb][et_pb_text _builder_version=\u00a0\u00bb4.19.5&Prime; _module_preset=\u00a0\u00bbdefault\u00a0\u00bb header_font=\u00a0\u00bb||||on||||\u00a0\u00bb header_2_font=\u00a0\u00bb||||on|||#173557|\u00a0\u00bb header_2_text_align=\u00a0\u00bbleft\u00a0\u00bb header_2_text_color=\u00a0\u00bb#173557&Prime; header_2_font_size=\u00a0\u00bb32px\u00a0\u00bb hover_enabled=\u00a0\u00bb0&Prime; global_colors_info=\u00a0\u00bb{}\u00a0\u00bb sticky_enabled=\u00a0\u00bb0&Prime;]<\/p>\n<h2>R\u00e8glementation et s\u00e9curit\u00e9<\/h2>\n<p>[\/et_pb_text][et_pb_text _builder_version=\u00a0\u00bb4.19.5&Prime; _module_preset=\u00a0\u00bbdefault\u00a0\u00bb custom_margin=\u00a0\u00bb|0px|||false|false\u00a0\u00bb custom_padding=\u00a0\u00bb|0px|||false|false\u00a0\u00bb global_colors_info=\u00a0\u00bb{}\u00a0\u00bb]<\/p>\n<ul>\n<li style=\"text-align: left;\">Mise \u00e0 disposition des documents contractuels et r\u00e9glementaires<\/li>\n<li style=\"text-align: left;\">Suppression des mails au profit d&rsquo;une messagerie s\u00e9curis\u00e9e<\/li>\n<li style=\"text-align: left;\">Tra\u00e7abilit\u00e9 et suivi des flux sinistres et primes<\/li>\n<li style=\"text-align: left;\">S\u00e9curiser la relation de nos clients avec leurs clients (transparence de l&rsquo;information, homog\u00e9n\u00e9isation des process)<\/li>\n<\/ul>\n<p>[\/et_pb_text][\/et_pb_column][\/et_pb_row][et_pb_row _builder_version=\u00a0\u00bb4.19.5&Prime; _module_preset=\u00a0\u00bbdefault\u00a0\u00bb min_height=\u00a0\u00bb94.8px\u00a0\u00bb custom_margin=\u00a0\u00bb-15px|auto||auto||\u00a0\u00bb global_colors_info=\u00a0\u00bb{}\u00a0\u00bb][et_pb_column type=\u00a0\u00bb4_4&Prime; _builder_version=\u00a0\u00bb4.19.5&Prime; _module_preset=\u00a0\u00bbdefault\u00a0\u00bb global_colors_info=\u00a0\u00bb{}\u00a0\u00bb][et_pb_text _builder_version=\u00a0\u00bb4.19.5&Prime; _module_preset=\u00a0\u00bbdefault\u00a0\u00bb header_3_font_size=\u00a0\u00bb19px\u00a0\u00bb custom_margin=\u00a0\u00bb||-85px|||\u00a0\u00bb global_colors_info=\u00a0\u00bb{}\u00a0\u00bb]<\/p>\n<h3 style=\"text-align: left;\"><span style=\"color: #501b3f;\">Le b\u00e9n\u00e9fice du renforcement de votre Plan de continuit\u00e9 d\u2019activit\u00e9\u00a0<\/span><span style=\"color: #501b3f;\">avec www.jbl-adb.fr et <a href=\"https:\/\/www.rassurcopro.fr\/\">www.rassurcopro.fr<\/a><\/span><\/h3>\n<p>[\/et_pb_text][\/et_pb_column][\/et_pb_row][et_pb_row _builder_version=\u00a0\u00bb4.19.5&Prime; _module_preset=\u00a0\u00bbdefault\u00a0\u00bb global_colors_info=\u00a0\u00bb{}\u00a0\u00bb][et_pb_column type=\u00a0\u00bb4_4&Prime; _builder_version=\u00a0\u00bb4.19.5&Prime; _module_preset=\u00a0\u00bbdefault\u00a0\u00bb global_colors_info=\u00a0\u00bb{}\u00a0\u00bb][et_pb_button button_url=\u00a0\u00bb@ET-DC@eyJkeW5hbWljIjp0cnVlLCJjb250ZW50IjoicG9zdF9saW5rX3VybF9wYWdlIiwic2V0dGluZ3MiOnsicG9zdF9pZCI6Ijk1In19@\u00a0\u00bb button_text=\u00a0\u00bbContactez-nous\u00a0\u00bb button_alignment=\u00a0\u00bbcenter\u00a0\u00bb _builder_version=\u00a0\u00bb4.19.5&Prime; _dynamic_attributes=\u00a0\u00bbbutton_url\u00a0\u00bb _module_preset=\u00a0\u00bbdefault\u00a0\u00bb custom_button=\u00a0\u00bbon\u00a0\u00bb button_text_color=\u00a0\u00bb#ffffff\u00a0\u00bb button_bg_color=\u00a0\u00bb#ff1f63&Prime; button_border_width=\u00a0\u00bb12px\u00a0\u00bb button_border_color=\u00a0\u00bb#ff1f63&Prime; button_border_radius=\u00a0\u00bb100px\u00a0\u00bb custom_margin=\u00a0\u00bb||||false|false\u00a0\u00bb custom_padding=\u00a0\u00bb15px|50px|15px|50px|true|true\u00a0\u00bb global_module=\u00a0\u00bb108&Prime; saved_tabs=\u00a0\u00bball\u00a0\u00bb global_colors_info=\u00a0\u00bb{}\u00a0\u00bb transform_styles__hover_enabled=\u00a0\u00bbon|hover\u00a0\u00bb transform_scale__hover_enabled=\u00a0\u00bbon|hover\u00a0\u00bb transform_translate__hover_enabled=\u00a0\u00bbon|desktop\u00a0\u00bb transform_rotate__hover_enabled=\u00a0\u00bbon|desktop\u00a0\u00bb transform_skew__hover_enabled=\u00a0\u00bbon|desktop\u00a0\u00bb transform_origin__hover_enabled=\u00a0\u00bbon|desktop\u00a0\u00bb transform_scale__hover=\u00a0\u00bb110%|110%\u00a0\u00bb][\/et_pb_button][\/et_pb_column][\/et_pb_row][\/et_pb_section]<\/p>\n","protected":false},"excerpt":{"rendered":"<p>Plateforme Digitale S\u00e9curis\u00e9eJBL Courtage a cr\u00e9\u00e9 une plateforme digitale de gestion s\u00e9curis\u00e9e au service des acteurs de l\u2019immobilier, administrateurs de biens, syndic, promoteurs, notaires, avocats, huissiers, soci\u00e9t\u00e9 de recouvrement, assureurs, courtiers et artisans connect\u00e9e aux principaux outils de gestion du march\u00e9. Un outil performant, connect\u00e9 \u00e0 vos outils de gestion, disponible en permanence et \u00e9volutif [&hellip;]<\/p>\n","protected":false},"author":5,"featured_media":0,"parent":0,"menu_order":0,"comment_status":"closed","ping_status":"closed","template":"","meta":{"_et_pb_use_builder":"on","_et_pb_old_content":"","_et_gb_content_width":"","om_disable_all_campaigns":false,"_monsterinsights_skip_tracking":false,"_monsterinsights_sitenote_active":false,"_monsterinsights_sitenote_note":"","_monsterinsights_sitenote_category":0,"footnotes":""},"class_list":["post-165","page","type-page","status-publish","hentry"],"aioseo_notices":[],"yoast_head":"<!-- This site is optimized with the Yoast SEO plugin v25.6 - https:\/\/yoast.com\/wordpress\/plugins\/seo\/ -->\n<title>Plateforme Digitale - JBL Courtage<\/title>\n<meta name=\"robots\" content=\"index, follow, max-snippet:-1, max-image-preview:large, max-video-preview:-1\" \/>\n<link rel=\"canonical\" href=\"https:\/\/jbl-courtage.fr\/index.php\/plateforme-digitale\/\" \/>\n<meta property=\"og:locale\" content=\"fr_FR\" \/>\n<meta property=\"og:type\" content=\"article\" \/>\n<meta property=\"og:title\" content=\"Plateforme Digitale - JBL Courtage\" \/>\n<meta property=\"og:description\" content=\"Plateforme Digitale S\u00e9curis\u00e9eJBL Courtage a cr\u00e9\u00e9 une plateforme digitale de gestion s\u00e9curis\u00e9e au service des acteurs de l\u2019immobilier, administrateurs de biens, syndic, promoteurs, notaires, avocats, huissiers, soci\u00e9t\u00e9 de recouvrement, assureurs, courtiers et artisans connect\u00e9e aux principaux outils de gestion du march\u00e9. Un outil performant, connect\u00e9 \u00e0 vos outils de gestion, disponible en permanence et \u00e9volutif [&hellip;]\" \/>\n<meta property=\"og:url\" content=\"https:\/\/jbl-courtage.fr\/index.php\/plateforme-digitale\/\" \/>\n<meta property=\"og:site_name\" content=\"JBL Courtage\" \/>\n<meta property=\"article:modified_time\" content=\"2023-02-02T13:45:08+00:00\" \/>\n<meta name=\"twitter:card\" content=\"summary_large_image\" \/>\n<meta name=\"twitter:site\" content=\"@jbl_courtage\" \/>\n<meta name=\"twitter:label1\" content=\"Dur\u00e9e de lecture estim\u00e9e\" \/>\n\t<meta name=\"twitter:data1\" content=\"6 minutes\" \/>\n<script type=\"application\/ld+json\" class=\"yoast-schema-graph\">{\"@context\":\"https:\/\/schema.org\",\"@graph\":[{\"@type\":\"WebPage\",\"@id\":\"https:\/\/jbl-courtage.fr\/index.php\/plateforme-digitale\/\",\"url\":\"https:\/\/jbl-courtage.fr\/index.php\/plateforme-digitale\/\",\"name\":\"Plateforme Digitale - JBL Courtage\",\"isPartOf\":{\"@id\":\"https:\/\/jbl-courtage.fr\/#website\"},\"datePublished\":\"2023-02-01T13:29:36+00:00\",\"dateModified\":\"2023-02-02T13:45:08+00:00\",\"breadcrumb\":{\"@id\":\"https:\/\/jbl-courtage.fr\/index.php\/plateforme-digitale\/#breadcrumb\"},\"inLanguage\":\"fr-FR\",\"potentialAction\":[{\"@type\":\"ReadAction\",\"target\":[\"https:\/\/jbl-courtage.fr\/index.php\/plateforme-digitale\/\"]}]},{\"@type\":\"BreadcrumbList\",\"@id\":\"https:\/\/jbl-courtage.fr\/index.php\/plateforme-digitale\/#breadcrumb\",\"itemListElement\":[{\"@type\":\"ListItem\",\"position\":1,\"name\":\"Accueil\",\"item\":\"https:\/\/jbl-courtage.fr\/\"},{\"@type\":\"ListItem\",\"position\":2,\"name\":\"Plateforme Digitale\"}]},{\"@type\":\"WebSite\",\"@id\":\"https:\/\/jbl-courtage.fr\/#website\",\"url\":\"https:\/\/jbl-courtage.fr\/\",\"name\":\"JBL Courtage\",\"description\":\"Conseiller, cr\u00e9er, g\u00e9rer\",\"publisher\":{\"@id\":\"https:\/\/jbl-courtage.fr\/#organization\"},\"potentialAction\":[{\"@type\":\"SearchAction\",\"target\":{\"@type\":\"EntryPoint\",\"urlTemplate\":\"https:\/\/jbl-courtage.fr\/?s={search_term_string}\"},\"query-input\":{\"@type\":\"PropertyValueSpecification\",\"valueRequired\":true,\"valueName\":\"search_term_string\"}}],\"inLanguage\":\"fr-FR\"},{\"@type\":\"Organization\",\"@id\":\"https:\/\/jbl-courtage.fr\/#organization\",\"name\":\"JBL Courtage\",\"url\":\"https:\/\/jbl-courtage.fr\/\",\"logo\":{\"@type\":\"ImageObject\",\"inLanguage\":\"fr-FR\",\"@id\":\"https:\/\/jbl-courtage.fr\/#\/schema\/logo\/image\/\",\"url\":\"https:\/\/jbl-courtage.fr\/wp-content\/uploads\/2023\/02\/cropped-favicon2.png\",\"contentUrl\":\"https:\/\/jbl-courtage.fr\/wp-content\/uploads\/2023\/02\/cropped-favicon2.png\",\"width\":512,\"height\":512,\"caption\":\"JBL Courtage\"},\"image\":{\"@id\":\"https:\/\/jbl-courtage.fr\/#\/schema\/logo\/image\/\"},\"sameAs\":[\"https:\/\/x.com\/jbl_courtage\",\"https:\/\/www.linkedin.com\/company\/jblcourtage\/\"]}]}<\/script>\n<!-- \/ Yoast SEO plugin. -->","yoast_head_json":{"title":"Plateforme Digitale - JBL Courtage","robots":{"index":"index","follow":"follow","max-snippet":"max-snippet:-1","max-image-preview":"max-image-preview:large","max-video-preview":"max-video-preview:-1"},"canonical":"https:\/\/jbl-courtage.fr\/index.php\/plateforme-digitale\/","og_locale":"fr_FR","og_type":"article","og_title":"Plateforme Digitale - JBL Courtage","og_description":"Plateforme Digitale S\u00e9curis\u00e9eJBL Courtage a cr\u00e9\u00e9 une plateforme digitale de gestion s\u00e9curis\u00e9e au service des acteurs de l\u2019immobilier, administrateurs de biens, syndic, promoteurs, notaires, avocats, huissiers, soci\u00e9t\u00e9 de recouvrement, assureurs, courtiers et artisans connect\u00e9e aux principaux outils de gestion du march\u00e9. Un outil performant, connect\u00e9 \u00e0 vos outils de gestion, disponible en permanence et \u00e9volutif [&hellip;]","og_url":"https:\/\/jbl-courtage.fr\/index.php\/plateforme-digitale\/","og_site_name":"JBL Courtage","article_modified_time":"2023-02-02T13:45:08+00:00","twitter_card":"summary_large_image","twitter_site":"@jbl_courtage","twitter_misc":{"Dur\u00e9e de lecture estim\u00e9e":"6 minutes"},"schema":{"@context":"https:\/\/schema.org","@graph":[{"@type":"WebPage","@id":"https:\/\/jbl-courtage.fr\/index.php\/plateforme-digitale\/","url":"https:\/\/jbl-courtage.fr\/index.php\/plateforme-digitale\/","name":"Plateforme Digitale - JBL Courtage","isPartOf":{"@id":"https:\/\/jbl-courtage.fr\/#website"},"datePublished":"2023-02-01T13:29:36+00:00","dateModified":"2023-02-02T13:45:08+00:00","breadcrumb":{"@id":"https:\/\/jbl-courtage.fr\/index.php\/plateforme-digitale\/#breadcrumb"},"inLanguage":"fr-FR","potentialAction":[{"@type":"ReadAction","target":["https:\/\/jbl-courtage.fr\/index.php\/plateforme-digitale\/"]}]},{"@type":"BreadcrumbList","@id":"https:\/\/jbl-courtage.fr\/index.php\/plateforme-digitale\/#breadcrumb","itemListElement":[{"@type":"ListItem","position":1,"name":"Accueil","item":"https:\/\/jbl-courtage.fr\/"},{"@type":"ListItem","position":2,"name":"Plateforme Digitale"}]},{"@type":"WebSite","@id":"https:\/\/jbl-courtage.fr\/#website","url":"https:\/\/jbl-courtage.fr\/","name":"JBL Courtage","description":"Conseiller, cr\u00e9er, g\u00e9rer","publisher":{"@id":"https:\/\/jbl-courtage.fr\/#organization"},"potentialAction":[{"@type":"SearchAction","target":{"@type":"EntryPoint","urlTemplate":"https:\/\/jbl-courtage.fr\/?s={search_term_string}"},"query-input":{"@type":"PropertyValueSpecification","valueRequired":true,"valueName":"search_term_string"}}],"inLanguage":"fr-FR"},{"@type":"Organization","@id":"https:\/\/jbl-courtage.fr\/#organization","name":"JBL Courtage","url":"https:\/\/jbl-courtage.fr\/","logo":{"@type":"ImageObject","inLanguage":"fr-FR","@id":"https:\/\/jbl-courtage.fr\/#\/schema\/logo\/image\/","url":"https:\/\/jbl-courtage.fr\/wp-content\/uploads\/2023\/02\/cropped-favicon2.png","contentUrl":"https:\/\/jbl-courtage.fr\/wp-content\/uploads\/2023\/02\/cropped-favicon2.png","width":512,"height":512,"caption":"JBL Courtage"},"image":{"@id":"https:\/\/jbl-courtage.fr\/#\/schema\/logo\/image\/"},"sameAs":["https:\/\/x.com\/jbl_courtage","https:\/\/www.linkedin.com\/company\/jblcourtage\/"]}]}},"_links":{"self":[{"href":"https:\/\/jbl-courtage.fr\/index.php\/wp-json\/wp\/v2\/pages\/165","targetHints":{"allow":["GET"]}}],"collection":[{"href":"https:\/\/jbl-courtage.fr\/index.php\/wp-json\/wp\/v2\/pages"}],"about":[{"href":"https:\/\/jbl-courtage.fr\/index.php\/wp-json\/wp\/v2\/types\/page"}],"author":[{"embeddable":true,"href":"https:\/\/jbl-courtage.fr\/index.php\/wp-json\/wp\/v2\/users\/5"}],"replies":[{"embeddable":true,"href":"https:\/\/jbl-courtage.fr\/index.php\/wp-json\/wp\/v2\/comments?post=165"}],"version-history":[{"count":8,"href":"https:\/\/jbl-courtage.fr\/index.php\/wp-json\/wp\/v2\/pages\/165\/revisions"}],"predecessor-version":[{"id":284,"href":"https:\/\/jbl-courtage.fr\/index.php\/wp-json\/wp\/v2\/pages\/165\/revisions\/284"}],"wp:attachment":[{"href":"https:\/\/jbl-courtage.fr\/index.php\/wp-json\/wp\/v2\/media?parent=165"}],"curies":[{"name":"wp","href":"https:\/\/api.w.org\/{rel}","templated":true}]}}